{"id":34233,"date":"2022-11-04T09:29:15","date_gmt":"2022-11-04T08:29:15","guid":{"rendered":"https:\/\/sudoku-puzzles.net\/?page_id=34233"},"modified":"2022-11-04T09:29:11","modified_gmt":"2022-11-04T08:29:11","slug":"little-killer-sudoku-einfach","status":"publish","type":"page","link":"https:\/\/sudoku-puzzles.net\/de\/little-killer-sudoku-einfach\/","title":{"rendered":"Little Killer Sudoku &#8211; Einfach"},"content":{"rendered":"<p><div class=\"fusion-fullwidth fullwidth-box fusion-builder-row-1 fusion-flex-container nonhundred-percent-fullwidth non-hundred-percent-height-scrolling\" style=\"--awb-border-radius-top-left:0px;--awb-border-radius-top-right:0px;--awb-border-radius-bottom-right:0px;--awb-border-radius-bottom-left:0px;--awb-flex-wrap:wrap;\" ><div class=\"fusion-builder-row fusion-row fusion-flex-align-items-flex-start fusion-flex-content-wrap\" style=\"max-width:1248px;margin-left: calc(-4% \/ 2 );margin-right: calc(-4% \/ 2 );\"><div class=\"fusion-layout-column fusion_builder_column fusion-builder-column-0 fusion_builder_column_1_1 1_1 fusion-flex-column\" style=\"--awb-bg-size:cover;--awb-width-large:100%;--awb-margin-top-large:0px;--awb-spacing-right-large:1.92%;--awb-margin-bottom-large:20px;--awb-spacing-left-large:1.92%;--awb-width-medium:100%;--awb-order-medium:0;--awb-spacing-right-medium:1.92%;--awb-spacing-left-medium:1.92%;--awb-width-small:100%;--awb-order-small:0;--awb-spacing-right-small:1.92%;--awb-spacing-left-small:1.92%;\" id=\"puzzle_anchor\"><div class=\"fusion-column-wrapper fusion-column-has-shadow fusion-flex-justify-content-flex-start fusion-content-layout-column\"><div class=\"fusion-text fusion-text-1\" style=\"--awb-text-transform:none;\"><h1 style=\"text-align: center;\">Little Killer Sudoku &#8211; Einfach<\/h1>\n<\/div><div class=\"fusion-text fusion-text-2 fusion-pagination-tb single-navigation clearfix\" style=\"--awb-text-transform:none;\"><div class=\"fusion-tb-previous\"><\/div><div class=\"scroll-to-puzzle\"><a href=\"#puzzle_anchor\"> #t20d1p0 <\/a><\/div><div class=\"fusion-tb-next\"><a href=\"https:\/\/sudoku-puzzles.net\/de\/little-killer-sudoku-einfach\/1\/\" rel=\"nofollow\" class=\"puzzle-next\">N\u00e4chstes<\/a><\/div>\n<\/div><\/div><\/div><div class=\"fusion-layout-column fusion_builder_column fusion-builder-column-1 fusion_builder_column_2_3 2_3 fusion-flex-column\" style=\"--awb-bg-size:cover;--awb-width-large:66.666666666667%;--awb-margin-top-large:0px;--awb-spacing-right-large:2.88%;--awb-margin-bottom-large:20px;--awb-spacing-left-large:2.88%;--awb-width-medium:66.666666666667%;--awb-order-medium:0;--awb-spacing-right-medium:2.88%;--awb-spacing-left-medium:2.88%;--awb-width-small:100%;--awb-order-small:0;--awb-spacing-right-small:1.92%;--awb-spacing-left-small:1.92%;\"><div class=\"fusion-column-wrapper fusion-column-has-shadow fusion-flex-justify-content-flex-start fusion-content-layout-column\"><div id=\"puzzle_container\" data-nonce=\"d0eff35dd8\" class=\"resp-iframe-wrapper puzzle-preload\" data-puzzle=\"https:\/\/sudoku-puzzles.net\/wp-content\/plugins\/puzzle-plugin\/puzzle-general\/game.html?type=little-killer-sudoku&id=0&difficulty=1\" role=\"button\"><img decoding=\"async\" src=\"https:\/\/sudoku-puzzles.net\/wp-content\/puzzles\/little-killer-sudoku\/easy\/0.png\" alt=\"Little Killer Sudoku - Einfach\" class=\"disable-lazyload\"><\/div><div class=\"fusion-modal modal fade modal-1 modal_puzzle_solved\" tabindex=\"-1\" role=\"dialog\" aria-labelledby=\"modal-heading-1\" aria-hidden=\"true\" style=\"--awb-border-color:var(--awb-color3);--awb-background:var(--awb-color1);\"><div class=\"modal-dialog modal-lg\" role=\"document\"><div class=\"modal-content fusion-modal-content\"><div class=\"modal-header\"><button class=\"close\" type=\"button\" data-dismiss=\"modal\" aria-hidden=\"true\" aria-label=\"Close\">&times;<\/button><h3 class=\"modal-title\" id=\"modal-heading-1\" data-dismiss=\"modal\" aria-hidden=\"true\">Puzzle gel\u00f6st<\/h3><\/div><div class=\"modal-body fusion-clearfix\">\n<div class=\"hide_from_logged_in_users\">Gratulation du hast das Puzzle gel\u00f6st! Als <strong><a href=\"\/register\/\">registrierter Benutzer<\/a><\/strong> werden gel\u00f6ste Puzzles markiert, um jederzeit zu sehen, welche Puzzles du bereits gel\u00f6st hast.<br \/>\n<a href=\"\/register\/\"><strong>Klicke hier, um dich zu registrieren<\/strong><\/a>. Wenn du bereits registriert bist kannst du <strong><a href=\"\/login\/\">hier klicken, um dich einzuloggen<\/a><\/strong>.<\/div>\n<div class=\"hide_from_logged_out_users\">Gratulation du hast das Puzzle gel\u00f6st! Als registrierter Benutzer werden gel\u00f6ste Puzzles markiert, um jederzeit zu sehen, welche Puzzles du bereits gel\u00f6st hast.<\/div>\n<\/div><div class=\"modal-footer\"><button class=\"fusion-button button-default button-medium button default medium\" type=\"button\" data-dismiss=\"modal\">Close<\/button><\/div><\/div><\/div><\/div><\/div><\/div><div class=\"fusion-layout-column fusion_builder_column fusion-builder-column-2 fusion_builder_column_1_3 1_3 fusion-flex-column\" style=\"--awb-bg-size:cover;--awb-width-large:33.333333333333%;--awb-margin-top-large:0px;--awb-spacing-right-large:5.76%;--awb-margin-bottom-large:20px;--awb-spacing-left-large:5.76%;--awb-width-medium:33.333333333333%;--awb-order-medium:0;--awb-spacing-right-medium:5.76%;--awb-spacing-left-medium:5.76%;--awb-width-small:100%;--awb-order-small:0;--awb-spacing-right-small:1.92%;--awb-spacing-left-small:1.92%;\"><div class=\"fusion-column-wrapper fusion-column-has-shadow fusion-flex-justify-content-flex-start fusion-content-layout-column\"><div class=\"fusion-title title fusion-title-1 fusion-sep-none fusion-title-text fusion-title-size-five\" style=\"--awb-margin-bottom:0px;--awb-margin-top-small:10px;--awb-margin-right-small:0px;--awb-margin-bottom-small:10px;--awb-margin-left-small:0px;\"><h5 class=\"fusion-title-heading title-heading-left\" style=\"margin:0;\">Puzzle &amp; L\u00f6sung herunterladen<\/h5><\/div><div class=\"fusion-form fusion-form-builder fusion-form-form-wrapper fusion-form-29907\" style=\"--awb-tooltip-text-color:#ffffff;--awb-tooltip-background-color:#333333;\" data-form-id=\"29907\" data-config=\"{&quot;form_id&quot;:29907,&quot;form_post_id&quot;:29907,&quot;post_id&quot;:34233,&quot;form_type&quot;:&quot;post&quot;,&quot;confirmation_type&quot;:&quot;message&quot;,&quot;redirect_url&quot;:&quot;&quot;,&quot;redirect_timeout&quot;:&quot;0&quot;,&quot;field_labels&quot;:[],&quot;field_logics&quot;:{&quot;submit_1&quot;:&quot;&quot;},&quot;field_types&quot;:{&quot;puzzle_download&quot;:&quot;hidden&quot;,&quot;page_id&quot;:&quot;hidden&quot;,&quot;pdf_puzzle_id&quot;:&quot;hidden&quot;,&quot;fill_out_field&quot;:&quot;honeypot&quot;,&quot;submit_1&quot;:&quot;submit&quot;},&quot;nonce_method&quot;:&quot;ajax&quot;,&quot;form_views&quot;:&quot;ajax&quot;,&quot;form_views_counting&quot;:&quot;all&quot;}\"><form action=\"\/de\/\" method=\"post\" class=\"fusion-form fusion-form-29907\"><div class=\"fusion-fullwidth fullwidth-box fusion-builder-row-1-1 fusion-flex-container nonhundred-percent-fullwidth non-hundred-percent-height-scrolling\" style=\"--awb-border-radius-top-left:0px;--awb-border-radius-top-right:0px;--awb-border-radius-bottom-right:0px;--awb-border-radius-bottom-left:0px;--awb-padding-left:0px;--awb-flex-wrap:wrap;\" ><div class=\"fusion-builder-row fusion-row fusion-flex-align-items-flex-start fusion-flex-content-wrap\" style=\"width:104% !important;max-width:104% !important;margin-left: calc(-4% \/ 2 );margin-right: calc(-4% \/ 2 );\"><div class=\"fusion-layout-column fusion_builder_column fusion-builder-column-3 fusion_builder_column_1_1 1_1 fusion-flex-column\" style=\"--awb-bg-size:cover;--awb-width-large:100%;--awb-flex-grow:0;--awb-flex-shrink:0;--awb-margin-top-large:0px;--awb-spacing-right-large:1.92%;--awb-margin-bottom-large:0px;--awb-spacing-left-large:1.92%;--awb-width-medium:100%;--awb-order-medium:0;--awb-flex-grow-medium:0;--awb-flex-shrink-medium:0;--awb-spacing-right-medium:1.92%;--awb-spacing-left-medium:1.92%;--awb-width-small:100%;--awb-order-small:0;--awb-flex-grow-small:0;--awb-flex-shrink-small:0;--awb-spacing-right-small:1.92%;--awb-spacing-left-small:1.92%;\"><div class=\"fusion-column-wrapper fusion-column-has-shadow fusion-flex-justify-content-flex-start fusion-content-layout-column\"><div class=\"fusion-form-field fusion-form-hidden-field fusion-form-label-above\" style=\"\" data-form-id=\"29907\"><input type=\"hidden\" autocomplete=\"off\" name=\"puzzle_download\" id=\"puzzle_download\" value=\"1\"  class=\"fusion-form-input\" data-holds-private-data=\"false\"\/><\/div><div class=\"fusion-form-field fusion-form-hidden-field fusion-form-label-above\" style=\"\" data-form-id=\"29907\"><input type=\"hidden\" autocomplete=\"off\" name=\"page_id\" id=\"page_id\" value=\"\"  class=\"fusion-form-input\" data-holds-private-data=\"false\"\/><\/div><div class=\"fusion-form-field fusion-form-hidden-field fusion-form-label-above\" style=\"\" data-form-id=\"29907\"><input type=\"hidden\" autocomplete=\"off\" name=\"pdf_puzzle_id\" id=\"pdf_puzzle_id\" value=\"\"  class=\"fusion-form-input\" data-holds-private-data=\"false\"\/><\/div><div class=\"fusion-form-field fusion-form-honeypot-field fusion-form-label-above\" style=\"\" data-form-id=\"29907\"><input type=\"hidden\" tabindex=\"-1\" name=\"fill_out_field\" class=\"fusion-form-input\" autocomplete=\"hypot-69ee5a299060a\" aria-hidden=\"true\" data-fusion-is-honeypot=\"true\"><\/div><div class=\"fusion-form-field fusion-form-submit-field fusion-form-label-above\" style=\"\" data-form-id=\"29907\"><div ><button type=\"submit\" class=\"fusion-button button-flat fusion-button-default-size button-default fusion-button-default button-1 fusion-button-default-span  button-default form-form-submit\" data-form-number=\"29907\" tabindex=\"\"><i class=\"fa-file-pdf fas awb-button__icon awb-button__icon--default button-icon-left\" aria-hidden=\"true\"><\/i><span class=\"fusion-button-text awb-button__text awb-button__text--default\">Herunterladen<\/span><\/button><\/div><\/div><\/div><\/div><\/div><\/div><\/form><\/div><div class=\"fusion-text fusion-text-3\"><p><a href=\"https:\/\/sudoku-puzzles.net\/de\/sudoku-zum-ausdrucken\/\" target=\"_blank\" rel=\"noopener\">Um mehrere Puzzles gleichzeitig auszudrucken, klicke hier.<\/a><\/p>\n<\/div><div class=\"fusion-title title fusion-title-2 fusion-sep-none fusion-title-text fusion-title-size-five\" style=\"--awb-margin-top:20px;--awb-margin-top-small:10px;--awb-margin-right-small:0px;--awb-margin-bottom-small:10px;--awb-margin-left-small:0px;\"><h5 class=\"fusion-title-heading title-heading-left\" style=\"margin:0;\">Puzzle teilen<\/h5><\/div><div class=\"fusion-text fusion-text-4 fusion-text-no-margin\" style=\"--awb-margin-bottom:20px;\"><p>Unsere Puzzles sind v\u00f6llig kostenlos. Bitte unterst\u00fctze diese Website, indem du sie deinen Freunden und Bekannten weiterempfiehlst. Danke!\n<!-- AddToAny BEGIN -->\n<div class=\"a2a_kit a2a_kit_size_32 a2a_default_style\">\n<a class=\"a2a_dd\" href=\"https:\/\/www.addtoany.com\/share\"><\/a>\n<a class=\"a2a_button_facebook\"><\/a>\n<a class=\"a2a_button_twitter\"><\/a>\n<a class=\"a2a_button_whatsapp\"><\/a>\n<a class=\"a2a_button_email\"><\/a>\n<a class=\"a2a_button_reddit\"><\/a>\n<\/div>\n<script>\nvar a2a_config = a2a_config || {};\na2a_config.locale = \"de\";\n<\/script>\n<script async src=\"https:\/\/static.addtoany.com\/menu\/page.js\"><\/script>\n<!-- AddToAny END -->\n\t<\/p>\n<\/div><div class=\"fusion-title title fusion-title-3 fusion-sep-none fusion-title-text fusion-title-size-five\" style=\"--awb-margin-top:20px;--awb-margin-bottom:0px;--awb-margin-top-small:10px;--awb-margin-right-small:0px;--awb-margin-bottom-small:10px;--awb-margin-left-small:0px;\"><h5 class=\"fusion-title-heading title-heading-left\" style=\"margin:0;\">Neues Puzzle<\/h5><\/div><div class=\"fusion-form fusion-form-builder fusion-form-form-wrapper fusion-form-29905\" style=\"--awb-tooltip-text-color:#ffffff;--awb-tooltip-background-color:#333333;\" data-form-id=\"29905\" data-config=\"{&quot;form_id&quot;:29905,&quot;form_post_id&quot;:29905,&quot;post_id&quot;:34233,&quot;form_type&quot;:&quot;post&quot;,&quot;confirmation_type&quot;:&quot;message&quot;,&quot;redirect_url&quot;:&quot;&quot;,&quot;redirect_timeout&quot;:&quot;0&quot;,&quot;field_labels&quot;:{&quot;puzzle_type&quot;:&quot;Puzzle Typ&quot;,&quot;puzzle_difficulty&quot;:&quot;Schwierigkeit&quot;,&quot;puzzle_search&quot;:&quot;&quot;},&quot;field_logics&quot;:{&quot;puzzle_type&quot;:&quot;&quot;,&quot;puzzle_difficulty&quot;:&quot;[]&quot;,&quot;puzzle_search&quot;:&quot;&quot;,&quot;submit_2&quot;:&quot;&quot;},&quot;field_types&quot;:{&quot;puzzle_type&quot;:&quot;select&quot;,&quot;puzzle_difficulty&quot;:&quot;select&quot;,&quot;puzzle_search&quot;:&quot;radio&quot;,&quot;puzzle_selection&quot;:&quot;hidden&quot;,&quot;fill_out_field&quot;:&quot;honeypot&quot;,&quot;submit_2&quot;:&quot;submit&quot;},&quot;nonce_method&quot;:&quot;ajax&quot;,&quot;form_views&quot;:&quot;&quot;,&quot;form_views_counting&quot;:&quot;&quot;}\"><form action=\"\/de\/\" method=\"post\" class=\"fusion-form fusion-form-29905\"><div class=\"fusion-fullwidth fullwidth-box fusion-builder-row-1-2 fusion-flex-container nonhundred-percent-fullwidth non-hundred-percent-height-scrolling\" style=\"--awb-border-radius-top-left:0px;--awb-border-radius-top-right:0px;--awb-border-radius-bottom-right:0px;--awb-border-radius-bottom-left:0px;--awb-padding-right:0px;--awb-padding-left:0px;--awb-flex-wrap:wrap;\" ><div class=\"fusion-builder-row fusion-row fusion-flex-align-items-flex-start fusion-flex-content-wrap\" style=\"width:104% !important;max-width:104% !important;margin-left: calc(-4% \/ 2 );margin-right: calc(-4% \/ 2 );\"><div class=\"fusion-layout-column fusion_builder_column fusion-builder-column-4 fusion_builder_column_1_1 1_1 fusion-flex-column\" style=\"--awb-bg-size:cover;--awb-width-large:100%;--awb-flex-grow:0;--awb-flex-shrink:0;--awb-margin-top-large:0px;--awb-spacing-right-large:1.92%;--awb-margin-bottom-large:20px;--awb-spacing-left-large:1.92%;--awb-width-medium:100%;--awb-order-medium:0;--awb-flex-grow-medium:0;--awb-flex-shrink-medium:0;--awb-spacing-right-medium:1.92%;--awb-spacing-left-medium:1.92%;--awb-width-small:100%;--awb-order-small:0;--awb-flex-grow-small:0;--awb-flex-shrink-small:0;--awb-spacing-right-small:1.92%;--awb-spacing-left-small:1.92%;\"><div class=\"fusion-column-wrapper fusion-column-has-shadow fusion-flex-justify-content-flex-start fusion-content-layout-column\"><div class=\"fusion-form-field fusion-form-select-field fusion-form-label-above\" style=\"\" data-form-id=\"29905\"><label for=\"puzzle_type\">Puzzle Typ<\/label><div class=\"fusion-select-wrapper\"><select autocomplete=\"off\" tabindex=\"\" id=\"puzzle_type\" name=\"puzzle_type\" class=\"fusion-form-input\" data-holds-private-data=\"false\"><option value=\"t1\" >Sudoku<\/option><option value=\"t14\" >Sudoku 4x4<\/option><option value=\"t2\" >Sudoku 6x6<\/option><option value=\"t34\" >Sudoku 8x8<\/option><option value=\"t35\" >Sudoku 10x10<\/option><option value=\"t10\" >Sudoku 12x12<\/option><option value=\"t11\" >Sudoku 16x16<\/option><option value=\"---\" >---<\/option><option value=\"t28\" >Butterfly Sudoku<\/option><option value=\"t29\" >Cross Sudoku<\/option><option value=\"t30\" >Flower Sudoku<\/option><option value=\"t31\" >Gattai-3<\/option><option value=\"t32\" >Kazaguruma<\/option><option value=\"t12\" >Samurai Sudoku<\/option><option value=\"t33\" >Sohei Sudoku<\/option><option value=\"t36\" >Tripledoku<\/option><option value=\"t37\" >Twodoku<\/option><option value=\"---\" >---<\/option><option value=\"t4\" >Argyle Sudoku<\/option><option value=\"t5\" >Asterisk Sudoku<\/option><option value=\"t7\" >Center Dot Sudoku<\/option><option value=\"t16\" >Chain Sudoku<\/option><option value=\"t15\" >Chain Sudoku 6x6<\/option><option value=\"t17\" >Consecutive Sudoku<\/option><option value=\"t18\" >Even-Odd Sudoku<\/option><option value=\"t6\" >Girandola Sudoku<\/option><option value=\"t19\" >Greater Than Sudoku<\/option><option value=\"t13\" >Killer Sudoku<\/option><option value=\"t20\" >Little Killer Sudoku<\/option><option value=\"t21\" >Rossini Sudoku<\/option><option value=\"t22\" >Skyscraper Sudoku<\/option><option value=\"t9\" >Sudoku DG<\/option><option value=\"t23\" >Sudoku Mine<\/option><option value=\"t3\" >Sudoku X<\/option><option value=\"t24\" >Sudoku XV<\/option><option value=\"t25\" >Sujiken<\/option><option value=\"t26\" >Vudoku<\/option><option value=\"t8\" >Windoku<\/option><option value=\"---\" >---<\/option><option value=\"t42\" >Battleships<\/option><option value=\"t50\" >Calcudoku<\/option><option value=\"t52\" >Easy as ABC<\/option><option value=\"t45\" >Futoshiki<\/option><option value=\"t41\" >Hitori<\/option><option value=\"t38\" >Kakuro<\/option><option value=\"t46\" >Kuromasu<\/option><option value=\"t44\" >Light Up<\/option><option value=\"t43\" >Masyu<\/option><option value=\"t53\" >Minesweeper<\/option><option value=\"t47\" >Nurikabe<\/option><option value=\"t51\" >Skyscrapers<\/option><option value=\"t49\" >Tents<\/option><option value=\"t48\" >Yajikabe<\/option><option value=\"t54\" >Heyawake<\/option><option value=\"t55\" >Mathrax<\/option><\/select><div class=\"select-arrow\"><svg width=\"12\" height=\"8\" viewBox=\"0 0 12 8\" fill=\"none\" xmlns=\"http:\/\/www.w3.org\/2000\/svg\"> <path d=\"M1.5 1.75L6 6.25L10.5 1.75\" stroke=\"#6D6D6D\" stroke-width=\"2\" stroke-linecap=\"round\" stroke-linejoin=\"round\"\/> <\/svg><\/div><\/div><\/div><div class=\"fusion-form-field fusion-form-select-field fusion-form-label-above\" style=\"\" data-form-id=\"29905\"><label for=\"puzzle_difficulty\">Schwierigkeit<\/label><div class=\"fusion-select-wrapper\"><select autocomplete=\"off\" tabindex=\"\" id=\"puzzle_difficulty\" name=\"puzzle_difficulty\" class=\"fusion-form-input\" data-holds-private-data=\"false\"><option value=\"d1p\"  selected >Einfach<\/option><option value=\"d2p\" >Mittel<\/option><option value=\"d3p\" >Schwierig<\/option><\/select><div class=\"select-arrow\"><svg width=\"12\" height=\"8\" viewBox=\"0 0 12 8\" fill=\"none\" xmlns=\"http:\/\/www.w3.org\/2000\/svg\"> <path d=\"M1.5 1.75L6 6.25L10.5 1.75\" stroke=\"#6D6D6D\" stroke-width=\"2\" stroke-linecap=\"round\" stroke-linejoin=\"round\"\/> <\/svg><\/div><\/div><\/div><div class=\"fusion-form-field fusion-form-radio-field fusion-form-label-above\" style=\"\" data-form-id=\"29905\"><fieldset><div class=\"fusion-form-radio\"><input tabindex=\"\" id=\"radio-puzzle_search-1-0\" type=\"radio\" value=\"1\" name=\"puzzle_search\" class=\"fusion-form-input\" checked  data-holds-private-data=\"false\"\/><label for=\"radio-puzzle_search-1-0\">Zuf\u00e4lliges Puzzle<\/label><\/div><div class=\"fusion-form-radio\"><input tabindex=\"\" id=\"radio-puzzle_search-1-1\" type=\"radio\" value=\"2\" name=\"puzzle_search\" class=\"fusion-form-input\" data-holds-private-data=\"false\"\/><label for=\"radio-puzzle_search-1-1\">N\u00e4chstes ungel\u00f6stes Puzzle<\/label><\/div><\/fieldset><\/div><div class=\"fusion-form-field fusion-form-hidden-field fusion-form-label-above\" style=\"\" data-form-id=\"29905\"><input type=\"hidden\" autocomplete=\"off\" name=\"puzzle_selection\" id=\"puzzle_selection\" value=\"1\"  class=\"fusion-form-input\" data-holds-private-data=\"false\"\/><\/div><div class=\"fusion-form-field fusion-form-honeypot-field fusion-form-label-above\" style=\"\" data-form-id=\"29905\"><input type=\"hidden\" tabindex=\"-1\" name=\"fill_out_field\" class=\"fusion-form-input\" autocomplete=\"hypot-69ee5a2992259\" aria-hidden=\"true\" data-fusion-is-honeypot=\"true\"><\/div><div class=\"fusion-form-field fusion-form-submit-field fusion-form-label-above\" style=\"\" data-form-id=\"29905\"><div ><button type=\"submit\" class=\"fusion-button button-flat fusion-button-default-size button-default fusion-button-default button-2 fusion-button-default-span  button-default form-form-submit\" data-form-number=\"29905\" tabindex=\"\"><i class=\"fa-plus fas awb-button__icon awb-button__icon--default button-icon-left\" aria-hidden=\"true\"><\/i><span class=\"fusion-button-text awb-button__text awb-button__text--default\">Neues Puzzle<\/span><\/button><\/div><\/div><\/div><\/div><\/div><\/div><\/form><\/div><\/div><\/div><\/div><\/div>\n<div class=\"fusion-fullwidth fullwidth-box fusion-builder-row-2 fusion-flex-container nonhundred-percent-fullwidth non-hundred-percent-height-scrolling\" style=\"--awb-border-radius-top-left:0px;--awb-border-radius-top-right:0px;--awb-border-radius-bottom-right:0px;--awb-border-radius-bottom-left:0px;--awb-flex-wrap:wrap;\" ><div class=\"fusion-builder-row fusion-row fusion-flex-align-items-flex-start fusion-flex-content-wrap\" style=\"max-width:1248px;margin-left: calc(-4% \/ 2 );margin-right: calc(-4% \/ 2 );\"><div class=\"fusion-layout-column fusion_builder_column fusion-builder-column-5 fusion_builder_column_2_3 2_3 fusion-flex-column\" style=\"--awb-padding-top:20px;--awb-bg-size:cover;--awb-width-large:66.666666666667%;--awb-flex-grow:0;--awb-flex-shrink:0;--awb-margin-top-large:0px;--awb-spacing-right-large:2.88%;--awb-margin-bottom-large:20px;--awb-spacing-left-large:2.88%;--awb-width-medium:66.666666666667%;--awb-order-medium:0;--awb-flex-grow-medium:0;--awb-flex-shrink-medium:0;--awb-spacing-right-medium:2.88%;--awb-spacing-left-medium:2.88%;--awb-width-small:100%;--awb-order-small:0;--awb-flex-grow-small:0;--awb-flex-shrink-small:0;--awb-spacing-right-small:1.92%;--awb-spacing-left-small:1.92%;\"><div class=\"fusion-column-wrapper fusion-column-has-shadow fusion-flex-justify-content-flex-start fusion-content-layout-column\"><div class=\"fusion-title title fusion-title-4 fusion-sep-none fusion-title-text fusion-title-size-five\" style=\"--awb-margin-top-small:10px;--awb-margin-right-small:0px;--awb-margin-bottom-small:10px;--awb-margin-left-small:0px;\"><h5 class=\"fusion-title-heading title-heading-left\" style=\"margin:0;\"><p>\u00dcber Little Killer Sudoku<\/h5><\/div><div class=\"fusion-text fusion-text-5\" style=\"--awb-text-transform:none;\">\"Little Killer Sudoku\" ist eine Variante des klassischen Sudoku. Es enth\u00e4lt zus\u00e4tzlich nummerierte Pfeile rund um das R\u00e4tsel. Die nummerierten Pfeile zeigen die Summe der Ziffern in der entsprechenden Richtung an. Die Ziffern k\u00f6nnen sich in Pfeilrichtung wiederholen.\r\n<h5>Grundregeln<\/h5>\r\n<ol>\r\n \t<li><strong>Raster:<\/strong> Das R\u00e4tsel besteht aus einem 9x9 Raster, unterteilt in 9 kleinere 3x3 Raster.<\/li>\r\n \t<li><strong>Zahlen:<\/strong> Jede Zeile, Spalte und jedes 3x3 Raster muss mit den Zahlen von 1 bis 9 gef\u00fcllt werden.<\/li>\r\n \t<li><strong>Keine Wiederholung:<\/strong> Jede Zahl (1-9) darf in jeder Zeile, Spalte und jedem 3x3 Raster genau einmal vorkommen.<\/li>\r\n<\/ol>\r\n<h5>Zus\u00e4tzliche Regeln<\/h5>\r\n<ol>\r\n \t<li><strong>Nummerierte Pfeile:<\/strong> Die Summe der Ziffern entlang der Diagonalen, beginnend beim Feld mit dem Pfeil und in Pfeilrichtung, sollte der Zahl auf dem Pfeil entsprechen.<\/li>\r\n \t<li><strong>Ziffernwiederholung:<\/strong> Im Gegensatz zum klassischen Sudoku, d\u00fcrfen sich Ziffern entlang der durch den Pfeil angezeigten Diagonalen wiederholen, solange die Summe mit der angegebenen Zahl \u00fcbereinstimmt.<\/li>\r\n<\/ol>\r\n<h5>Grundlegende L\u00f6sungstipps<\/h5>\r\n<ul>\r\n \t<li><strong>Beginne mit gegebenen Ziffern:<\/strong> Nutze die bereits im Raster vorhandenen Ziffern, um die Platzierung anderer Ziffern zu bestimmen.<\/li>\r\n \t<li><strong>Nutze die Summen:<\/strong> Konzentriere dich auf die nummerierten Pfeile und die von ihnen angezeigten Summen, um die m\u00f6glichen Ziffern, die entlang der Diagonalen platziert werden k\u00f6nnen, einzugrenzen.<\/li>\r\n \t<li><strong>Suche nach Einschr\u00e4nkungen:<\/strong> Identifiziere Zeilen, Spalten oder 3x3 Raster, die fast gef\u00fcllt sind, und arbeite an ihnen, da sie weniger M\u00f6glichkeiten haben.<\/li>\r\n \t<li><strong>Nutze Eliminierung:<\/strong> Bestimme, wo eine Zahl nicht sein kann, und eliminiere M\u00f6glichkeiten, um herauszufinden, wo sie sein sollte.<\/li>\r\n \t<li><strong>Arbeite an Diagonalen:<\/strong> Achte besonders auf die Diagonalen und nutze die erlaubte Wiederholung von Zahlen, um die erforderlichen Summen zu erreichen.<\/li>\r\n<\/ul>\n<\/div><div class=\"fusion-title title fusion-title-5 fusion-sep-none fusion-title-text fusion-title-size-five\" style=\"--awb-margin-top:30px;--awb-margin-top-small:10px;--awb-margin-right-small:0px;--awb-margin-bottom-small:10px;--awb-margin-left-small:0px;\"><h5 class=\"fusion-title-heading title-heading-left\" style=\"margin:0;\"><\/h5><\/div><div class=\"fusion-text fusion-text-6\">\n<\/div><\/div><\/div><\/div><\/div>\n<\/p>\n","protected":false},"excerpt":{"rendered":"","protected":false},"author":1,"featured_media":0,"parent":0,"menu_order":0,"comment_status":"closed","ping_status":"closed","template":"","meta":{"_acf_changed":false,"footnotes":""},"class_list":["post-34233","page","type-page","status-publish","hentry"],"acf":[],"_links":{"self":[{"href":"https:\/\/sudoku-puzzles.net\/de\/wp-json\/wp\/v2\/pages\/34233","targetHints":{"allow":["GET"]}}],"collection":[{"href":"https:\/\/sudoku-puzzles.net\/de\/wp-json\/wp\/v2\/pages"}],"about":[{"href":"https:\/\/sudoku-puzzles.net\/de\/wp-json\/wp\/v2\/types\/page"}],"author":[{"embeddable":true,"href":"https:\/\/sudoku-puzzles.net\/de\/wp-json\/wp\/v2\/users\/1"}],"replies":[{"embeddable":true,"href":"https:\/\/sudoku-puzzles.net\/de\/wp-json\/wp\/v2\/comments?post=34233"}],"version-history":[{"count":0,"href":"https:\/\/sudoku-puzzles.net\/de\/wp-json\/wp\/v2\/pages\/34233\/revisions"}],"wp:attachment":[{"href":"https:\/\/sudoku-puzzles.net\/de\/wp-json\/wp\/v2\/media?parent=34233"}],"curies":[{"name":"wp","href":"https:\/\/api.w.org\/{rel}","templated":true}]}}