{"id":34477,"date":"2022-11-04T10:18:40","date_gmt":"2022-11-04T09:18:40","guid":{"rendered":"https:\/\/sudoku-puzzles.net\/?page_id=34477"},"modified":"2022-11-04T10:18:39","modified_gmt":"2022-11-04T09:18:39","slug":"vudoku-simple","status":"publish","type":"page","link":"https:\/\/sudoku-puzzles.net\/fr\/vudoku-simple\/","title":{"rendered":"Vudoku &#8211; Simple"},"content":{"rendered":"<p><div class=\"fusion-fullwidth fullwidth-box fusion-builder-row-1 fusion-flex-container nonhundred-percent-fullwidth non-hundred-percent-height-scrolling\" style=\"--awb-border-radius-top-left:0px;--awb-border-radius-top-right:0px;--awb-border-radius-bottom-right:0px;--awb-border-radius-bottom-left:0px;--awb-flex-wrap:wrap;\" ><div class=\"fusion-builder-row fusion-row fusion-flex-align-items-flex-start fusion-flex-content-wrap\" style=\"max-width:1248px;margin-left: calc(-4% \/ 2 );margin-right: calc(-4% \/ 2 );\"><div class=\"fusion-layout-column fusion_builder_column fusion-builder-column-0 fusion_builder_column_1_1 1_1 fusion-flex-column\" style=\"--awb-bg-size:cover;--awb-width-large:100%;--awb-margin-top-large:0px;--awb-spacing-right-large:1.92%;--awb-margin-bottom-large:20px;--awb-spacing-left-large:1.92%;--awb-width-medium:100%;--awb-order-medium:0;--awb-spacing-right-medium:1.92%;--awb-spacing-left-medium:1.92%;--awb-width-small:100%;--awb-order-small:0;--awb-spacing-right-small:1.92%;--awb-spacing-left-small:1.92%;\" id=\"puzzle_anchor\"><div class=\"fusion-column-wrapper fusion-column-has-shadow fusion-flex-justify-content-flex-start fusion-content-layout-column\"><div class=\"fusion-text fusion-text-1\" style=\"--awb-text-transform:none;\"><h1 style=\"text-align: center;\">Vudoku &#8211; Simple<\/h1>\n<\/div><div class=\"fusion-text fusion-text-2 fusion-pagination-tb single-navigation clearfix\" style=\"--awb-text-transform:none;\"><div class=\"fusion-tb-previous\"><\/div><div class=\"scroll-to-puzzle\"><a href=\"#puzzle_anchor\"> #t26d1p0 <\/a><\/div><div class=\"fusion-tb-next\"><a href=\"https:\/\/sudoku-puzzles.net\/fr\/vudoku-simple\/1\/\" rel=\"nofollow\" class=\"puzzle-next\">Prochain<\/a><\/div>\n<\/div><\/div><\/div><div class=\"fusion-layout-column fusion_builder_column fusion-builder-column-1 fusion_builder_column_2_3 2_3 fusion-flex-column\" style=\"--awb-bg-size:cover;--awb-width-large:66.666666666667%;--awb-margin-top-large:0px;--awb-spacing-right-large:2.88%;--awb-margin-bottom-large:20px;--awb-spacing-left-large:2.88%;--awb-width-medium:66.666666666667%;--awb-order-medium:0;--awb-spacing-right-medium:2.88%;--awb-spacing-left-medium:2.88%;--awb-width-small:100%;--awb-order-small:0;--awb-spacing-right-small:1.92%;--awb-spacing-left-small:1.92%;\"><div class=\"fusion-column-wrapper fusion-column-has-shadow fusion-flex-justify-content-flex-start fusion-content-layout-column\"><div id=\"puzzle_container\" data-nonce=\"92d906a519\" class=\"resp-iframe-wrapper puzzle-preload\" data-puzzle=\"https:\/\/sudoku-puzzles.net\/wp-content\/plugins\/puzzle-plugin\/puzzle-general\/game.html?type=vudoku&id=0&difficulty=1\" role=\"button\"><img decoding=\"async\" src=\"https:\/\/sudoku-puzzles.net\/wp-content\/puzzles\/vudoku\/easy\/0.png\" alt=\"Vudoku - Simple\" class=\"disable-lazyload\"><\/div><div class=\"fusion-modal modal fade modal-1 modal_puzzle_solved\" tabindex=\"-1\" role=\"dialog\" aria-labelledby=\"modal-heading-1\" aria-hidden=\"true\" style=\"--awb-border-color:var(--awb-color3);--awb-background:var(--awb-color1);\"><div class=\"modal-dialog modal-lg\" role=\"document\"><div class=\"modal-content fusion-modal-content\"><div class=\"modal-header\"><button class=\"close\" type=\"button\" data-dismiss=\"modal\" aria-hidden=\"true\" aria-label=\"Close\">&times;<\/button><h3 class=\"modal-title\" id=\"modal-heading-1\" data-dismiss=\"modal\" aria-hidden=\"true\">Puzzle r\u00e9solu<\/h3><\/div><div class=\"modal-body fusion-clearfix\">\n<div class=\"hide_from_logged_in_users\">F\u00e9licitations, tu as r\u00e9solu le puzzle ! En tant qu\u2019utilisateur <strong><a href=\"\/register\/\">enregistr\u00e9<\/a><\/strong>, les puzzles r\u00e9solus sont marqu\u00e9s pour garder une trace des puzzles que tu as r\u00e9solus.<br \/>\n<a href=\"\/register\/\"><strong>Clique ici pour t\u2019enregistrer<\/strong><\/a>. Si tu es d\u00e9j\u00e0 enregistr\u00e9, tu peux <strong><a href=\"\/login\/\">cliquer ici pour te connecter<\/a><\/strong>.<\/div>\n<div class=\"hide_from_logged_out_users\">F\u00e9licitations, tu as r\u00e9solu le puzzle ! En tant qu\u2019utilisateur enregistr\u00e9, les puzzles r\u00e9solus sont marqu\u00e9s pour garder une trace des puzzles que tu as r\u00e9solus.<\/div>\n<\/div><div class=\"modal-footer\"><button class=\"fusion-button button-default button-medium button default medium\" type=\"button\" data-dismiss=\"modal\">Close<\/button><\/div><\/div><\/div><\/div><\/div><\/div><div class=\"fusion-layout-column fusion_builder_column fusion-builder-column-2 fusion_builder_column_1_3 1_3 fusion-flex-column\" style=\"--awb-bg-size:cover;--awb-width-large:33.333333333333%;--awb-margin-top-large:0px;--awb-spacing-right-large:5.76%;--awb-margin-bottom-large:20px;--awb-spacing-left-large:5.76%;--awb-width-medium:33.333333333333%;--awb-order-medium:0;--awb-spacing-right-medium:5.76%;--awb-spacing-left-medium:5.76%;--awb-width-small:100%;--awb-order-small:0;--awb-spacing-right-small:1.92%;--awb-spacing-left-small:1.92%;\"><div class=\"fusion-column-wrapper fusion-column-has-shadow fusion-flex-justify-content-flex-start fusion-content-layout-column\"><div class=\"fusion-title title fusion-title-1 fusion-sep-none fusion-title-text fusion-title-size-five\" style=\"--awb-margin-bottom:0px;--awb-margin-top-small:10px;--awb-margin-right-small:0px;--awb-margin-bottom-small:10px;--awb-margin-left-small:0px;\"><h5 class=\"fusion-title-heading title-heading-left\" style=\"margin:0;\">T\u00e9l\u00e9charger puzzle &amp; solution<\/h5><\/div><div class=\"fusion-form fusion-form-builder fusion-form-form-wrapper fusion-form-29908\" style=\"--awb-margin-bottom:0px;--awb-tooltip-text-color:#ffffff;--awb-tooltip-background-color:#333333;\" data-form-id=\"29908\" data-config=\"{&quot;form_id&quot;:29908,&quot;form_post_id&quot;:29908,&quot;post_id&quot;:34477,&quot;form_type&quot;:&quot;post&quot;,&quot;confirmation_type&quot;:&quot;message&quot;,&quot;redirect_url&quot;:&quot;&quot;,&quot;redirect_timeout&quot;:&quot;0&quot;,&quot;field_labels&quot;:[],&quot;field_logics&quot;:{&quot;submit_1&quot;:&quot;&quot;},&quot;field_types&quot;:{&quot;puzzle_download&quot;:&quot;hidden&quot;,&quot;page_id&quot;:&quot;hidden&quot;,&quot;pdf_puzzle_id&quot;:&quot;hidden&quot;,&quot;fill_out_field&quot;:&quot;honeypot&quot;,&quot;submit_1&quot;:&quot;submit&quot;},&quot;nonce_method&quot;:&quot;ajax&quot;,&quot;form_views&quot;:&quot;ajax&quot;,&quot;form_views_counting&quot;:&quot;all&quot;}\"><form action=\"\/fr\/\" method=\"post\" class=\"fusion-form fusion-form-29908\"><div class=\"fusion-fullwidth fullwidth-box fusion-builder-row-1-1 fusion-flex-container has-pattern-background has-mask-background nonhundred-percent-fullwidth non-hundred-percent-height-scrolling\" style=\"--awb-border-radius-top-left:0px;--awb-border-radius-top-right:0px;--awb-border-radius-bottom-right:0px;--awb-border-radius-bottom-left:0px;--awb-padding-left:0px;--awb-flex-wrap:wrap;\" ><div class=\"fusion-builder-row fusion-row fusion-flex-align-items-flex-start fusion-flex-content-wrap\" style=\"width:104% !important;max-width:104% !important;margin-left: calc(-4% \/ 2 );margin-right: calc(-4% \/ 2 );\"><div class=\"fusion-layout-column fusion_builder_column fusion-builder-column-3 fusion_builder_column_1_1 1_1 fusion-flex-column\" style=\"--awb-bg-size:cover;--awb-width-large:100%;--awb-flex-grow:0;--awb-flex-shrink:0;--awb-margin-top-large:0px;--awb-spacing-right-large:1.92%;--awb-margin-bottom-large:0px;--awb-spacing-left-large:1.92%;--awb-width-medium:100%;--awb-order-medium:0;--awb-flex-grow-medium:0;--awb-flex-shrink-medium:0;--awb-spacing-right-medium:1.92%;--awb-spacing-left-medium:1.92%;--awb-width-small:100%;--awb-order-small:0;--awb-flex-grow-small:0;--awb-flex-shrink-small:0;--awb-spacing-right-small:1.92%;--awb-spacing-left-small:1.92%;\"><div class=\"fusion-column-wrapper fusion-column-has-shadow fusion-flex-justify-content-flex-start fusion-content-layout-column\"><div class=\"fusion-form-field fusion-form-hidden-field fusion-form-label-above\" style=\"\" data-form-id=\"29908\"><input type=\"hidden\" autocomplete=\"off\" name=\"puzzle_download\" id=\"puzzle_download\" value=\"1\"  class=\"fusion-form-input\" data-holds-private-data=\"false\"\/><\/div><div class=\"fusion-form-field fusion-form-hidden-field fusion-form-label-above\" style=\"\" data-form-id=\"29908\"><input type=\"hidden\" autocomplete=\"off\" name=\"page_id\" id=\"page_id\" value=\"\"  class=\"fusion-form-input\" data-holds-private-data=\"false\"\/><\/div><div class=\"fusion-form-field fusion-form-hidden-field fusion-form-label-above\" style=\"\" data-form-id=\"29908\"><input type=\"hidden\" autocomplete=\"off\" name=\"pdf_puzzle_id\" id=\"pdf_puzzle_id\" value=\"\"  class=\"fusion-form-input\" data-holds-private-data=\"false\"\/><\/div><div class=\"fusion-form-field fusion-form-honeypot-field fusion-form-label-above\" style=\"\" data-form-id=\"29908\"><input type=\"hidden\" tabindex=\"-1\" name=\"fill_out_field\" class=\"fusion-form-input\" autocomplete=\"hypot-69e875991dc8c\" aria-hidden=\"true\" data-fusion-is-honeypot=\"true\"><\/div><div class=\"fusion-form-field fusion-form-submit-field fusion-form-label-above\" style=\"\" data-form-id=\"29908\"><div ><button type=\"submit\" class=\"fusion-button button-flat fusion-button-default-size button-default fusion-button-default button-1 fusion-button-default-span  button-default form-form-submit\" data-form-number=\"29908\" tabindex=\"\"><i class=\"fa-file-pdf fas awb-button__icon awb-button__icon--default button-icon-left\" aria-hidden=\"true\"><\/i><span class=\"fusion-button-text awb-button__text awb-button__text--default\">T\u00e9l\u00e9charger<\/span><\/button><\/div><\/div><\/div><\/div><\/div><\/div><\/form><\/div><div class=\"fusion-text fusion-text-3\"><p><a href=\"https:\/\/sudoku-puzzles.net\/fr\/sudoku-a-imprimer\/\" target=\"_blank\" rel=\"noopener\">Pour imprimer plusieurs puzzles en m\u00eame temps, clique ici.<\/a><\/p>\n<\/div><div class=\"fusion-title title fusion-title-2 fusion-sep-none fusion-title-text fusion-title-size-five\" style=\"--awb-margin-top:20px;--awb-margin-top-small:10px;--awb-margin-right-small:0px;--awb-margin-bottom-small:10px;--awb-margin-left-small:0px;\"><h5 class=\"fusion-title-heading title-heading-left\" style=\"margin:0;\">Partager le puzzle<\/h5><\/div><div class=\"fusion-text fusion-text-4 fusion-text-no-margin\" style=\"--awb-margin-bottom:20px;\"><p>Nos puzzles sont enti\u00e8rement gratuits. Merci de soutenir ce site en le recommandant \u00e0 tes amis et connaissances. Merci !\n<!-- AddToAny BEGIN -->\n<div class=\"a2a_kit a2a_kit_size_32 a2a_default_style\">\n<a class=\"a2a_dd\" href=\"https:\/\/www.addtoany.com\/share\"><\/a>\n<a class=\"a2a_button_facebook\"><\/a>\n<a class=\"a2a_button_twitter\"><\/a>\n<a class=\"a2a_button_whatsapp\"><\/a>\n<a class=\"a2a_button_email\"><\/a>\n<a class=\"a2a_button_reddit\"><\/a>\n<\/div>\n<script>\nvar a2a_config = a2a_config || {};\na2a_config.locale = \"fr\";\n<\/script>\n<script async src=\"https:\/\/static.addtoany.com\/menu\/page.js\"><\/script>\n<!-- AddToAny END -->\n\t<\/p>\n<\/div><div class=\"fusion-title title fusion-title-3 fusion-sep-none fusion-title-text fusion-title-size-five\" style=\"--awb-margin-top:20px;--awb-margin-bottom:0px;--awb-margin-top-small:10px;--awb-margin-right-small:0px;--awb-margin-bottom-small:10px;--awb-margin-left-small:0px;\"><h5 class=\"fusion-title-heading title-heading-left\" style=\"margin:0;\">Nouveau puzzle<\/h5><\/div><div class=\"fusion-form fusion-form-builder fusion-form-form-wrapper fusion-form-29913\" style=\"--awb-tooltip-text-color:#ffffff;--awb-tooltip-background-color:#333333;\" data-form-id=\"29913\" data-config=\"{&quot;form_id&quot;:29913,&quot;form_post_id&quot;:29913,&quot;post_id&quot;:34477,&quot;form_type&quot;:&quot;post&quot;,&quot;confirmation_type&quot;:&quot;message&quot;,&quot;redirect_url&quot;:&quot;&quot;,&quot;redirect_timeout&quot;:&quot;0&quot;,&quot;field_labels&quot;:{&quot;puzzle_type&quot;:&quot;Type de puzzle&quot;,&quot;puzzle_difficulty&quot;:&quot;Difficult\\u00e9&quot;,&quot;puzzle_search&quot;:&quot;&quot;},&quot;field_logics&quot;:{&quot;puzzle_type&quot;:&quot;&quot;,&quot;puzzle_difficulty&quot;:&quot;[]&quot;,&quot;puzzle_search&quot;:&quot;&quot;,&quot;submit_2&quot;:&quot;&quot;},&quot;field_types&quot;:{&quot;puzzle_type&quot;:&quot;select&quot;,&quot;puzzle_difficulty&quot;:&quot;select&quot;,&quot;puzzle_search&quot;:&quot;radio&quot;,&quot;puzzle_selection&quot;:&quot;hidden&quot;,&quot;fill_out_field&quot;:&quot;honeypot&quot;,&quot;submit_2&quot;:&quot;submit&quot;},&quot;nonce_method&quot;:&quot;ajax&quot;,&quot;form_views&quot;:&quot;&quot;,&quot;form_views_counting&quot;:&quot;&quot;}\"><form action=\"\/fr\/\" method=\"post\" class=\"fusion-form fusion-form-29913\"><div class=\"fusion-fullwidth fullwidth-box fusion-builder-row-1-2 fusion-flex-container nonhundred-percent-fullwidth non-hundred-percent-height-scrolling\" style=\"--awb-border-radius-top-left:0px;--awb-border-radius-top-right:0px;--awb-border-radius-bottom-right:0px;--awb-border-radius-bottom-left:0px;--awb-padding-right:0px;--awb-padding-left:0px;--awb-flex-wrap:wrap;\" ><div class=\"fusion-builder-row fusion-row fusion-flex-align-items-flex-start fusion-flex-content-wrap\" style=\"width:104% !important;max-width:104% !important;margin-left: calc(-4% \/ 2 );margin-right: calc(-4% \/ 2 );\"><div class=\"fusion-layout-column fusion_builder_column fusion-builder-column-4 fusion_builder_column_1_1 1_1 fusion-flex-column\" style=\"--awb-bg-size:cover;--awb-width-large:100%;--awb-flex-grow:0;--awb-flex-shrink:0;--awb-margin-top-large:0px;--awb-spacing-right-large:1.92%;--awb-margin-bottom-large:20px;--awb-spacing-left-large:1.92%;--awb-width-medium:100%;--awb-order-medium:0;--awb-flex-grow-medium:0;--awb-flex-shrink-medium:0;--awb-spacing-right-medium:1.92%;--awb-spacing-left-medium:1.92%;--awb-width-small:100%;--awb-order-small:0;--awb-flex-grow-small:0;--awb-flex-shrink-small:0;--awb-spacing-right-small:1.92%;--awb-spacing-left-small:1.92%;\"><div class=\"fusion-column-wrapper fusion-column-has-shadow fusion-flex-justify-content-flex-start fusion-content-layout-column\"><div class=\"fusion-form-field fusion-form-select-field fusion-form-label-above\" style=\"\" data-form-id=\"29913\"><label for=\"puzzle_type\">Type de puzzle<\/label><div class=\"fusion-select-wrapper\"><select autocomplete=\"off\" tabindex=\"\" id=\"puzzle_type\" name=\"puzzle_type\" class=\"fusion-form-input\" data-holds-private-data=\"false\"><option value=\"t1\" >Sudoku<\/option><option value=\"t14\" >Sudoku 4x4<\/option><option value=\"t2\" >Sudoku 6x6<\/option><option value=\"t34\" >Sudoku 8x8<\/option><option value=\"t35\" >Sudoku 10x10<\/option><option value=\"t10\" >Sudoku 12x12<\/option><option value=\"t11\" >Sudoku 16x16<\/option><option value=\"---\" >---<\/option><option value=\"t28\" >Butterfly Sudoku<\/option><option value=\"t29\" >Cross Sudoku<\/option><option value=\"t30\" >Flower Sudoku<\/option><option value=\"t31\" >Gattai-3<\/option><option value=\"t32\" >Kazaguruma<\/option><option value=\"t12\" >Samurai Sudoku<\/option><option value=\"t33\" >Sohei Sudoku<\/option><option value=\"t36\" >Tripledoku<\/option><option value=\"t37\" >Twodoku<\/option><option value=\"---\" >---<\/option><option value=\"t4\" >Argyle Sudoku<\/option><option value=\"t5\" >Asterisk Sudoku<\/option><option value=\"t7\" >Center Dot Sudoku<\/option><option value=\"t16\" >Chain Sudoku<\/option><option value=\"t15\" >Chain Sudoku 6x6<\/option><option value=\"t17\" >Consecutive Sudoku<\/option><option value=\"t18\" >Even-Odd Sudoku<\/option><option value=\"t6\" >Girandola Sudoku<\/option><option value=\"t19\" >Greater Than Sudoku<\/option><option value=\"t13\" >Killer Sudoku<\/option><option value=\"t20\" >Little Killer Sudoku<\/option><option value=\"t21\" >Rossini Sudoku<\/option><option value=\"t22\" >Skyscraper Sudoku<\/option><option value=\"t9\" >Sudoku DG<\/option><option value=\"t23\" >Sudoku Mine<\/option><option value=\"t3\" >Sudoku X<\/option><option value=\"t24\" >Sudoku XV<\/option><option value=\"t25\" >Sujiken<\/option><option value=\"t26\" >Vudoku<\/option><option value=\"t8\" >Windoku<\/option><option value=\"---\" >---<\/option><option value=\"t42\" >Battleships<\/option><option value=\"t50\" >Calcudoku<\/option><option value=\"t52\" >Easy as ABC<\/option><option value=\"t45\" >Futoshiki<\/option><option value=\"t41\" >Hitori<\/option><option value=\"t38\" >Kakuro<\/option><option value=\"t46\" >Kuromasu<\/option><option value=\"t44\" >Light Up<\/option><option value=\"t43\" >Masyu<\/option><option value=\"t53\" >Minesweeper<\/option><option value=\"t47\" >Nurikabe<\/option><option value=\"t51\" >Skyscrapers<\/option><option value=\"t49\" >Tents<\/option><option value=\"t48\" >Yajikabe<\/option><option value=\"t54\" >Heyawake<\/option><option value=\"t55\" >Mathrax<\/option><\/select><div class=\"select-arrow\"><svg width=\"12\" height=\"8\" viewBox=\"0 0 12 8\" fill=\"none\" xmlns=\"http:\/\/www.w3.org\/2000\/svg\"> <path d=\"M1.5 1.75L6 6.25L10.5 1.75\" stroke=\"#6D6D6D\" stroke-width=\"2\" stroke-linecap=\"round\" stroke-linejoin=\"round\"\/> <\/svg><\/div><\/div><\/div><div class=\"fusion-form-field fusion-form-select-field fusion-form-label-above\" style=\"\" data-form-id=\"29913\"><label for=\"puzzle_difficulty\">Difficult\u00e9<\/label><div class=\"fusion-select-wrapper\"><select autocomplete=\"off\" tabindex=\"\" id=\"puzzle_difficulty\" name=\"puzzle_difficulty\" class=\"fusion-form-input\" data-holds-private-data=\"false\"><option value=\"d1p\"  selected >Simple<\/option><option value=\"d2p\" >Moyen<\/option><option value=\"d3p\" >Difficile<\/option><\/select><div class=\"select-arrow\"><svg width=\"12\" height=\"8\" viewBox=\"0 0 12 8\" fill=\"none\" xmlns=\"http:\/\/www.w3.org\/2000\/svg\"> <path d=\"M1.5 1.75L6 6.25L10.5 1.75\" stroke=\"#6D6D6D\" stroke-width=\"2\" stroke-linecap=\"round\" stroke-linejoin=\"round\"\/> <\/svg><\/div><\/div><\/div><div class=\"fusion-form-field fusion-form-radio-field fusion-form-label-above\" style=\"\" data-form-id=\"29913\"><fieldset><div class=\"fusion-form-radio\"><input tabindex=\"\" id=\"radio-puzzle_search-1-0\" type=\"radio\" value=\"1\" name=\"puzzle_search\" class=\"fusion-form-input\" checked  data-holds-private-data=\"false\"\/><label for=\"radio-puzzle_search-1-0\">Puzzle al\u00e9atoire<\/label><\/div><div class=\"fusion-form-radio\"><input tabindex=\"\" id=\"radio-puzzle_search-1-1\" type=\"radio\" value=\"2\" name=\"puzzle_search\" class=\"fusion-form-input\" data-holds-private-data=\"false\"\/><label for=\"radio-puzzle_search-1-1\">Prochain puzzle non r\u00e9solu<\/label><\/div><\/fieldset><\/div><div class=\"fusion-form-field fusion-form-hidden-field fusion-form-label-above\" style=\"\" data-form-id=\"29913\"><input type=\"hidden\" autocomplete=\"off\" name=\"puzzle_selection\" id=\"puzzle_selection\" value=\"1\"  class=\"fusion-form-input\" data-holds-private-data=\"false\"\/><\/div><div class=\"fusion-form-field fusion-form-honeypot-field fusion-form-label-above\" style=\"\" data-form-id=\"29913\"><input type=\"hidden\" tabindex=\"-1\" name=\"fill_out_field\" class=\"fusion-form-input\" autocomplete=\"hypot-69e875991ef35\" aria-hidden=\"true\" data-fusion-is-honeypot=\"true\"><\/div><div class=\"fusion-form-field fusion-form-submit-field fusion-form-label-above\" style=\"\" data-form-id=\"29913\"><div ><button type=\"submit\" class=\"fusion-button button-flat fusion-button-default-size button-default fusion-button-default button-2 fusion-button-default-span  button-default form-form-submit\" data-form-number=\"29913\" tabindex=\"\"><i class=\"fa-plus fas awb-button__icon awb-button__icon--default button-icon-left\" aria-hidden=\"true\"><\/i><span class=\"fusion-button-text awb-button__text awb-button__text--default\">Nouveau puzzle<\/span><\/button><\/div><\/div><\/div><\/div><\/div><\/div><\/form><\/div><\/div><\/div><\/div><\/div>\n<div class=\"fusion-fullwidth fullwidth-box fusion-builder-row-2 fusion-flex-container nonhundred-percent-fullwidth non-hundred-percent-height-scrolling\" style=\"--awb-border-radius-top-left:0px;--awb-border-radius-top-right:0px;--awb-border-radius-bottom-right:0px;--awb-border-radius-bottom-left:0px;--awb-flex-wrap:wrap;\" ><div class=\"fusion-builder-row fusion-row fusion-flex-align-items-flex-start fusion-flex-content-wrap\" style=\"max-width:1248px;margin-left: calc(-4% \/ 2 );margin-right: calc(-4% \/ 2 );\"><div class=\"fusion-layout-column fusion_builder_column fusion-builder-column-5 fusion_builder_column_2_3 2_3 fusion-flex-column\" style=\"--awb-padding-top:20px;--awb-bg-size:cover;--awb-width-large:66.666666666667%;--awb-flex-grow:0;--awb-flex-shrink:0;--awb-margin-top-large:0px;--awb-spacing-right-large:2.88%;--awb-margin-bottom-large:20px;--awb-spacing-left-large:2.88%;--awb-width-medium:66.666666666667%;--awb-order-medium:0;--awb-flex-grow-medium:0;--awb-flex-shrink-medium:0;--awb-spacing-right-medium:2.88%;--awb-spacing-left-medium:2.88%;--awb-width-small:100%;--awb-order-small:0;--awb-flex-grow-small:0;--awb-flex-shrink-small:0;--awb-spacing-right-small:1.92%;--awb-spacing-left-small:1.92%;\"><div class=\"fusion-column-wrapper fusion-column-has-shadow fusion-flex-justify-content-flex-start fusion-content-layout-column\"><div class=\"fusion-title title fusion-title-4 fusion-sep-none fusion-title-text fusion-title-size-five\" style=\"--awb-margin-top-small:10px;--awb-margin-right-small:0px;--awb-margin-bottom-small:10px;--awb-margin-left-small:0px;\"><h5 class=\"fusion-title-heading title-heading-left\" style=\"margin:0;\"><p>\u00c0 propos du Vudoku<\/h5><\/div><div class=\"fusion-text fusion-text-5\" style=\"--awb-text-transform:none;\">Vudoku est une variante du classique Sudoku qui int\u00e8gre l'arithm\u00e9tique dans le jeu logique traditionnel de placement de nombres. En plus de respecter les r\u00e8gles standard du Sudoku, les joueurs doivent \u00e9galement prendre en compte la relation math\u00e9matique entre certains nombres dans la grille, sp\u00e9cifiquement ceux positionn\u00e9s en forme de \"V\".\r\n<h5>R\u00e8gles de Base<\/h5>\r\n<ol>\r\n \t<li><strong>R\u00e8gles Standard du Sudoku :<\/strong>\r\n<ul>\r\n \t<li>Chaque ligne, colonne et r\u00e9gion sp\u00e9cifi\u00e9e doit contenir tous les chiffres de 1 \u00e0 9, sans r\u00e9p\u00e9tition.<\/li>\r\n \t<li>Un chiffre ne peut pas appara\u00eetre plus d'une fois dans une ligne, une colonne ou une r\u00e9gion sp\u00e9cifi\u00e9e.<\/li>\r\n<\/ul>\r\n<\/li>\r\n \t<li><strong>R\u00e8gle Sp\u00e9cifique au Vudoku :<\/strong>\r\n<ul>\r\n \t<li>Le chiffre au sommet de chaque \"V\" marqu\u00e9 doit \u00eatre soit la somme, soit la diff\u00e9rence des deux autres chiffres du \"V\".<\/li>\r\n<\/ul>\r\n<\/li>\r\n<\/ol>\r\n<h5>R\u00e8gles Suppl\u00e9mentaires (si n\u00e9cessaire)<\/h5>\r\n<ul>\r\n \t<li>Les formes \"V\" peuvent se chevaucher et, dans ces cas, le chiffre au sommet doit satisfaire la condition Vudoku pour tous les V se chevauchant.<\/li>\r\n \t<li>Les V peuvent \u00eatre situ\u00e9s n'importe o\u00f9 sur le plateau et peuvent avoir n'importe quelle orientation (haut, bas, gauche ou droite).<\/li>\r\n<\/ul>\r\n<h5>Astuces de Base pour R\u00e9soudre<\/h5>\r\n<ol>\r\n \t<li><strong>Identifier les Contraintes :<\/strong>\r\n<ul>\r\n \t<li>Commencez par identifier les chiffres d\u00e9j\u00e0 fournis dans la grille et utilisez-les pour d\u00e9terminer les valeurs possibles pour les autres cellules, en tenant compte \u00e0 la fois des r\u00e8gles du Sudoku et du Vudoku.<\/li>\r\n<\/ul>\r\n<\/li>\r\n \t<li><strong>Concentrez-vous sur les V :<\/strong>\r\n<ul>\r\n \t<li>Portez une attention particuli\u00e8re aux V, car ils offrent des contraintes suppl\u00e9mentaires et peuvent souvent vous aider \u00e0 d\u00e9duire plus rapidement les valeurs des autres cellules.<\/li>\r\n<\/ul>\r\n<\/li>\r\n \t<li><strong>Utilisez l'\u00c9limination :<\/strong>\r\n<ul>\r\n \t<li>Utilisez le processus d'\u00e9limination pour identifier o\u00f9 les chiffres ne peuvent pas aller, r\u00e9duisant ainsi les possibilit\u00e9s pour chaque cellule.<\/li>\r\n<\/ul>\r\n<\/li>\r\n \t<li><strong>Cherchez les Certitudes :<\/strong>\r\n<ul>\r\n \t<li>Placez toujours un chiffre si vous \u00eates certain de sa position, et utilisez-le pour d\u00e9duire davantage les positions des autres chiffres.<\/li>\r\n<\/ul>\r\n<\/li>\r\n \t<li><strong>Consid\u00e9rez Toutes les Possibilit\u00e9s :<\/strong>\r\n<ul>\r\n \t<li>Pour la r\u00e8gle sp\u00e9cifique au Vudoku, consid\u00e9rez toujours \u00e0 la fois les possibilit\u00e9s de somme et de diff\u00e9rence et v\u00e9rifiez laquelle est conforme \u00e0 la grille existante sans enfreindre les r\u00e8gles.<\/li>\r\n<\/ul>\r\n<\/li>\r\n<\/ol>\n<\/div><div class=\"fusion-title title fusion-title-5 fusion-sep-none fusion-title-text fusion-title-size-five\" style=\"--awb-margin-top:30px;--awb-margin-top-small:10px;--awb-margin-right-small:0px;--awb-margin-bottom-small:10px;--awb-margin-left-small:0px;\"><h5 class=\"fusion-title-heading title-heading-left\" style=\"margin:0;\"><\/h5><\/div><div class=\"fusion-text fusion-text-6\">\n<\/div><\/div><\/div><\/div><\/div>\n<\/p>\n","protected":false},"excerpt":{"rendered":"","protected":false},"author":1,"featured_media":0,"parent":0,"menu_order":0,"comment_status":"closed","ping_status":"closed","template":"","meta":{"_acf_changed":false,"footnotes":""},"class_list":["post-34477","page","type-page","status-publish","hentry"],"acf":[],"_links":{"self":[{"href":"https:\/\/sudoku-puzzles.net\/fr\/wp-json\/wp\/v2\/pages\/34477","targetHints":{"allow":["GET"]}}],"collection":[{"href":"https:\/\/sudoku-puzzles.net\/fr\/wp-json\/wp\/v2\/pages"}],"about":[{"href":"https:\/\/sudoku-puzzles.net\/fr\/wp-json\/wp\/v2\/types\/page"}],"author":[{"embeddable":true,"href":"https:\/\/sudoku-puzzles.net\/fr\/wp-json\/wp\/v2\/users\/1"}],"replies":[{"embeddable":true,"href":"https:\/\/sudoku-puzzles.net\/fr\/wp-json\/wp\/v2\/comments?post=34477"}],"version-history":[{"count":0,"href":"https:\/\/sudoku-puzzles.net\/fr\/wp-json\/wp\/v2\/pages\/34477\/revisions"}],"wp:attachment":[{"href":"https:\/\/sudoku-puzzles.net\/fr\/wp-json\/wp\/v2\/media?parent=34477"}],"curies":[{"name":"wp","href":"https:\/\/api.w.org\/{rel}","templated":true}]}}