{"id":34483,"date":"2022-11-04T10:15:40","date_gmt":"2022-11-04T09:15:40","guid":{"rendered":"https:\/\/sudoku-puzzles.net\/?page_id=34483"},"modified":"2022-11-04T10:15:33","modified_gmt":"2022-11-04T09:15:33","slug":"vudoku-dificil","status":"publish","type":"page","link":"https:\/\/sudoku-puzzles.net\/pt-br\/vudoku-dificil\/","title":{"rendered":"Vudoku &#8211; Dif\u00edcil"},"content":{"rendered":"<p><div class=\"fusion-fullwidth fullwidth-box fusion-builder-row-1 fusion-flex-container nonhundred-percent-fullwidth non-hundred-percent-height-scrolling\" style=\"--awb-border-radius-top-left:0px;--awb-border-radius-top-right:0px;--awb-border-radius-bottom-right:0px;--awb-border-radius-bottom-left:0px;--awb-flex-wrap:wrap;\" ><div class=\"fusion-builder-row fusion-row fusion-flex-align-items-flex-start fusion-flex-content-wrap\" style=\"max-width:1248px;margin-left: calc(-4% \/ 2 );margin-right: calc(-4% \/ 2 );\"><div class=\"fusion-layout-column fusion_builder_column fusion-builder-column-0 fusion_builder_column_1_1 1_1 fusion-flex-column\" style=\"--awb-bg-size:cover;--awb-width-large:100%;--awb-margin-top-large:0px;--awb-spacing-right-large:1.92%;--awb-margin-bottom-large:20px;--awb-spacing-left-large:1.92%;--awb-width-medium:100%;--awb-order-medium:0;--awb-spacing-right-medium:1.92%;--awb-spacing-left-medium:1.92%;--awb-width-small:100%;--awb-order-small:0;--awb-spacing-right-small:1.92%;--awb-spacing-left-small:1.92%;\" id=\"puzzle_anchor\"><div class=\"fusion-column-wrapper fusion-column-has-shadow fusion-flex-justify-content-flex-start fusion-content-layout-column\"><div class=\"fusion-text fusion-text-1\" style=\"--awb-text-transform:none;\"><h1 style=\"text-align: center;\">Vudoku &#8211; Dif\u00edcil<\/h1>\n<\/div><div class=\"fusion-text fusion-text-2 fusion-pagination-tb single-navigation clearfix\" style=\"--awb-text-transform:none;\"><div class=\"fusion-tb-previous\"><\/div><div class=\"scroll-to-puzzle\"><a href=\"#puzzle_anchor\"> #t26d3p0 <\/a><\/div><div class=\"fusion-tb-next\"><a href=\"https:\/\/sudoku-puzzles.net\/pt-br\/vudoku-dificil\/1\/\" rel=\"nofollow\" class=\"puzzle-next\">Pr\u00f3ximo<\/a><\/div>\n<\/div><\/div><\/div><div class=\"fusion-layout-column fusion_builder_column fusion-builder-column-1 fusion_builder_column_2_3 2_3 fusion-flex-column\" style=\"--awb-bg-size:cover;--awb-width-large:66.666666666667%;--awb-margin-top-large:0px;--awb-spacing-right-large:2.88%;--awb-margin-bottom-large:20px;--awb-spacing-left-large:2.88%;--awb-width-medium:66.666666666667%;--awb-order-medium:0;--awb-spacing-right-medium:2.88%;--awb-spacing-left-medium:2.88%;--awb-width-small:100%;--awb-order-small:0;--awb-spacing-right-small:1.92%;--awb-spacing-left-small:1.92%;\"><div class=\"fusion-column-wrapper fusion-column-has-shadow fusion-flex-justify-content-flex-start fusion-content-layout-column\"><div id=\"puzzle_container\" data-nonce=\"92d906a519\" class=\"resp-iframe-wrapper puzzle-preload\" data-puzzle=\"https:\/\/sudoku-puzzles.net\/wp-content\/plugins\/puzzle-plugin\/puzzle-general\/game.html?type=vudoku&id=0&difficulty=3\" role=\"button\"><img decoding=\"async\" src=\"https:\/\/sudoku-puzzles.net\/wp-content\/puzzles\/vudoku\/hard\/0.png\" alt=\"Vudoku - Dif\u00edcil\" class=\"disable-lazyload\"><\/div><div class=\"fusion-modal modal fade modal-1 modal_puzzle_solved\" tabindex=\"-1\" role=\"dialog\" aria-labelledby=\"modal-heading-1\" aria-hidden=\"true\" style=\"--awb-border-color:var(--awb-color3);--awb-background:var(--awb-color1);\"><div class=\"modal-dialog modal-lg\" role=\"document\"><div class=\"modal-content fusion-modal-content\"><div class=\"modal-header\"><button class=\"close\" type=\"button\" data-dismiss=\"modal\" aria-hidden=\"true\" aria-label=\"Close\">&times;<\/button><h3 class=\"modal-title\" id=\"modal-heading-1\" data-dismiss=\"modal\" aria-hidden=\"true\">Quebra-cabe\u00e7a resolvido<\/h3><\/div><div class=\"modal-body fusion-clearfix\">\n<div class=\"hide_from_logged_in_users\">Parab\u00e9ns, voc\u00ea resolveu o quebra-cabe\u00e7a! Como um <strong><a href=\"\/register\/\">usu\u00e1rio registrado<\/a><\/strong>, os quebra-cabe\u00e7as resolvidos s\u00e3o marcados para que voc\u00ea possa ver, a qualquer momento, quais os quebra-cabe\u00e7as j\u00e1 resolvidos.<br \/>\n<a href=\"\/register\/\"><strong>Clique aqui para se registrar<\/strong><\/a>. Se voc\u00ea j\u00e1 est\u00e1 registrado, pode <strong><a href=\"\/login\/\">clicar aqui para fazer o login<\/a><\/strong>.<\/div>\n<div class=\"hide_from_logged_out_users\">Parab\u00e9ns, voc\u00ea resolveu o quebra-cabe\u00e7a! Como um usu\u00e1rio registrado, os quebra-cabe\u00e7as resolvidos s\u00e3o marcados para que voc\u00ea possa ver, a qualquer momento, quais os quebra-cabe\u00e7as j\u00e1 resolvidos.<\/div>\n<\/div><div class=\"modal-footer\"><button class=\"fusion-button button-default button-medium button default medium\" type=\"button\" data-dismiss=\"modal\">Close<\/button><\/div><\/div><\/div><\/div><\/div><\/div><div class=\"fusion-layout-column fusion_builder_column fusion-builder-column-2 fusion_builder_column_1_3 1_3 fusion-flex-column\" style=\"--awb-bg-size:cover;--awb-width-large:33.333333333333%;--awb-margin-top-large:0px;--awb-spacing-right-large:5.76%;--awb-margin-bottom-large:20px;--awb-spacing-left-large:5.76%;--awb-width-medium:33.333333333333%;--awb-order-medium:0;--awb-spacing-right-medium:5.76%;--awb-spacing-left-medium:5.76%;--awb-width-small:100%;--awb-order-small:0;--awb-spacing-right-small:1.92%;--awb-spacing-left-small:1.92%;\"><div class=\"fusion-column-wrapper fusion-column-has-shadow fusion-flex-justify-content-flex-start fusion-content-layout-column\"><div class=\"fusion-title title fusion-title-1 fusion-sep-none fusion-title-text fusion-title-size-five\" style=\"--awb-margin-bottom:0px;--awb-margin-top-small:10px;--awb-margin-right-small:0px;--awb-margin-bottom-small:10px;--awb-margin-left-small:0px;\"><h5 class=\"fusion-title-heading title-heading-left\" style=\"margin:0;\">Baixar Puzzle &amp; Solu\u00e7\u00e3o<\/h5><\/div><div class=\"fusion-form fusion-form-builder fusion-form-form-wrapper fusion-form-29909\" style=\"--awb-tooltip-text-color:#ffffff;--awb-tooltip-background-color:#333333;\" data-form-id=\"29909\" data-config=\"{&quot;form_id&quot;:29909,&quot;form_post_id&quot;:29909,&quot;post_id&quot;:34483,&quot;form_type&quot;:&quot;post&quot;,&quot;confirmation_type&quot;:&quot;message&quot;,&quot;redirect_url&quot;:&quot;&quot;,&quot;redirect_timeout&quot;:&quot;0&quot;,&quot;field_labels&quot;:[],&quot;field_logics&quot;:{&quot;submit_1&quot;:&quot;&quot;},&quot;field_types&quot;:{&quot;puzzle_download&quot;:&quot;hidden&quot;,&quot;page_id&quot;:&quot;hidden&quot;,&quot;pdf_puzzle_id&quot;:&quot;hidden&quot;,&quot;fill_out_field&quot;:&quot;honeypot&quot;,&quot;submit_1&quot;:&quot;submit&quot;},&quot;nonce_method&quot;:&quot;ajax&quot;,&quot;form_views&quot;:&quot;ajax&quot;,&quot;form_views_counting&quot;:&quot;all&quot;}\"><form action=\"\/pt-br\/\" method=\"post\" class=\"fusion-form fusion-form-29909\"><div class=\"fusion-fullwidth fullwidth-box fusion-builder-row-1-1 fusion-flex-container nonhundred-percent-fullwidth non-hundred-percent-height-scrolling\" style=\"--awb-border-radius-top-left:0px;--awb-border-radius-top-right:0px;--awb-border-radius-bottom-right:0px;--awb-border-radius-bottom-left:0px;--awb-padding-left:0px;--awb-flex-wrap:wrap;\" ><div class=\"fusion-builder-row fusion-row fusion-flex-align-items-flex-start fusion-flex-content-wrap\" style=\"width:104% !important;max-width:104% !important;margin-left: calc(-4% \/ 2 );margin-right: calc(-4% \/ 2 );\"><div class=\"fusion-layout-column fusion_builder_column fusion-builder-column-3 fusion_builder_column_1_1 1_1 fusion-flex-column\" style=\"--awb-bg-size:cover;--awb-width-large:100%;--awb-flex-grow:0;--awb-flex-shrink:0;--awb-margin-top-large:0px;--awb-spacing-right-large:1.92%;--awb-margin-bottom-large:0px;--awb-spacing-left-large:1.92%;--awb-width-medium:100%;--awb-order-medium:0;--awb-flex-grow-medium:0;--awb-flex-shrink-medium:0;--awb-spacing-right-medium:1.92%;--awb-spacing-left-medium:1.92%;--awb-width-small:100%;--awb-order-small:0;--awb-flex-grow-small:0;--awb-flex-shrink-small:0;--awb-spacing-right-small:1.92%;--awb-spacing-left-small:1.92%;\"><div class=\"fusion-column-wrapper fusion-column-has-shadow fusion-flex-justify-content-flex-start fusion-content-layout-column\"><div class=\"fusion-form-field fusion-form-hidden-field fusion-form-label-above\" style=\"\" data-form-id=\"29909\"><input type=\"hidden\" autocomplete=\"off\" name=\"puzzle_download\" id=\"puzzle_download\" value=\"1\"  class=\"fusion-form-input\" data-holds-private-data=\"false\"\/><\/div><div class=\"fusion-form-field fusion-form-hidden-field fusion-form-label-above\" style=\"\" data-form-id=\"29909\"><input type=\"hidden\" autocomplete=\"off\" name=\"page_id\" id=\"page_id\" value=\"\"  class=\"fusion-form-input\" data-holds-private-data=\"false\"\/><\/div><div class=\"fusion-form-field fusion-form-hidden-field fusion-form-label-above\" style=\"\" data-form-id=\"29909\"><input type=\"hidden\" autocomplete=\"off\" name=\"pdf_puzzle_id\" id=\"pdf_puzzle_id\" value=\"\"  class=\"fusion-form-input\" data-holds-private-data=\"false\"\/><\/div><div class=\"fusion-form-field fusion-form-honeypot-field fusion-form-label-above\" style=\"\" data-form-id=\"29909\"><input type=\"hidden\" tabindex=\"-1\" name=\"fill_out_field\" class=\"fusion-form-input\" autocomplete=\"hypot-69e85628dad43\" aria-hidden=\"true\" data-fusion-is-honeypot=\"true\"><\/div><div class=\"fusion-form-field fusion-form-submit-field fusion-form-label-above\" style=\"\" data-form-id=\"29909\"><div ><button type=\"submit\" class=\"fusion-button button-flat fusion-button-default-size button-default fusion-button-default button-1 fusion-button-default-span  button-default form-form-submit\" data-form-number=\"29909\" tabindex=\"\"><i class=\"fa-file-pdf fas awb-button__icon awb-button__icon--default button-icon-left\" aria-hidden=\"true\"><\/i><span class=\"fusion-button-text awb-button__text awb-button__text--default\">Download<\/span><\/button><\/div><\/div><\/div><\/div><\/div><\/div><\/form><\/div><div class=\"fusion-text fusion-text-3\"><p><a href=\"https:\/\/sudoku-puzzles.net\/pt-br\/sudoku-imprimivel\/\" target=\"_blank\" rel=\"noopener\">Para imprimir v\u00e1rios quebra-cabe\u00e7as ao mesmo tempo, clique aqui.<\/a><\/p>\n<\/div><div class=\"fusion-title title fusion-title-2 fusion-sep-none fusion-title-text fusion-title-size-five\" style=\"--awb-margin-top:20px;--awb-margin-top-small:10px;--awb-margin-right-small:0px;--awb-margin-bottom-small:10px;--awb-margin-left-small:0px;\"><h5 class=\"fusion-title-heading title-heading-left\" style=\"margin:0;\">Compartilhar quebra-cabe\u00e7a<\/h5><\/div><div class=\"fusion-text fusion-text-4 fusion-text-no-margin\" style=\"--awb-margin-bottom:20px;\"><p>Nossos quebra-cabe\u00e7as s\u00e3o completamente livres. Por favor, apoie este site recomendando-o a seus amigos e familiares. Obrigado!\n<!-- AddToAny BEGIN -->\n<div class=\"a2a_kit a2a_kit_size_32 a2a_default_style\">\n<a class=\"a2a_dd\" href=\"https:\/\/www.addtoany.com\/share\"><\/a>\n<a class=\"a2a_button_facebook\"><\/a>\n<a class=\"a2a_button_twitter\"><\/a>\n<a class=\"a2a_button_whatsapp\"><\/a>\n<a class=\"a2a_button_email\"><\/a>\n<a class=\"a2a_button_reddit\"><\/a>\n<\/div>\n<script>\nvar a2a_config = a2a_config || {};\na2a_config.locale = \"pt-BR\";\n<\/script>\n<script async src=\"https:\/\/static.addtoany.com\/menu\/page.js\"><\/script>\n<!-- AddToAny END -->\n\t<\/p>\n<\/div><div class=\"fusion-title title fusion-title-3 fusion-sep-none fusion-title-text fusion-title-size-five\" style=\"--awb-margin-top:20px;--awb-margin-bottom:0px;--awb-margin-top-small:10px;--awb-margin-right-small:0px;--awb-margin-bottom-small:10px;--awb-margin-left-small:0px;\"><h5 class=\"fusion-title-heading title-heading-left\" style=\"margin:0;\">Novo quebra-cabe\u00e7a<\/h5><\/div><div class=\"fusion-form fusion-form-builder fusion-form-form-wrapper fusion-form-29914\" style=\"--awb-tooltip-text-color:#ffffff;--awb-tooltip-background-color:#333333;\" data-form-id=\"29914\" data-config=\"{&quot;form_id&quot;:29914,&quot;form_post_id&quot;:29914,&quot;post_id&quot;:34483,&quot;form_type&quot;:&quot;post&quot;,&quot;confirmation_type&quot;:&quot;message&quot;,&quot;redirect_url&quot;:&quot;&quot;,&quot;redirect_timeout&quot;:&quot;0&quot;,&quot;field_labels&quot;:{&quot;puzzle_type&quot;:&quot;Tipo de quebra-cabe\\u00e7a&quot;,&quot;puzzle_difficulty&quot;:&quot;Dificuldade&quot;,&quot;puzzle_search&quot;:&quot;&quot;},&quot;field_logics&quot;:{&quot;puzzle_type&quot;:&quot;&quot;,&quot;puzzle_difficulty&quot;:&quot;[]&quot;,&quot;puzzle_search&quot;:&quot;&quot;,&quot;submit_2&quot;:&quot;&quot;},&quot;field_types&quot;:{&quot;puzzle_type&quot;:&quot;select&quot;,&quot;puzzle_difficulty&quot;:&quot;select&quot;,&quot;puzzle_search&quot;:&quot;radio&quot;,&quot;puzzle_selection&quot;:&quot;hidden&quot;,&quot;fill_out_field&quot;:&quot;honeypot&quot;,&quot;submit_2&quot;:&quot;submit&quot;},&quot;nonce_method&quot;:&quot;ajax&quot;,&quot;form_views&quot;:&quot;&quot;,&quot;form_views_counting&quot;:&quot;&quot;}\"><form action=\"\/pt-br\/\" method=\"post\" class=\"fusion-form fusion-form-29914\"><div class=\"fusion-fullwidth fullwidth-box fusion-builder-row-1-2 fusion-flex-container nonhundred-percent-fullwidth non-hundred-percent-height-scrolling\" style=\"--awb-border-radius-top-left:0px;--awb-border-radius-top-right:0px;--awb-border-radius-bottom-right:0px;--awb-border-radius-bottom-left:0px;--awb-padding-right:0px;--awb-padding-left:0px;--awb-flex-wrap:wrap;\" ><div class=\"fusion-builder-row fusion-row fusion-flex-align-items-flex-start fusion-flex-content-wrap\" style=\"width:104% !important;max-width:104% !important;margin-left: calc(-4% \/ 2 );margin-right: calc(-4% \/ 2 );\"><div class=\"fusion-layout-column fusion_builder_column fusion-builder-column-4 fusion_builder_column_1_1 1_1 fusion-flex-column\" style=\"--awb-bg-size:cover;--awb-width-large:100%;--awb-flex-grow:0;--awb-flex-shrink:0;--awb-margin-top-large:0px;--awb-spacing-right-large:1.92%;--awb-margin-bottom-large:20px;--awb-spacing-left-large:1.92%;--awb-width-medium:100%;--awb-order-medium:0;--awb-flex-grow-medium:0;--awb-flex-shrink-medium:0;--awb-spacing-right-medium:1.92%;--awb-spacing-left-medium:1.92%;--awb-width-small:100%;--awb-order-small:0;--awb-flex-grow-small:0;--awb-flex-shrink-small:0;--awb-spacing-right-small:1.92%;--awb-spacing-left-small:1.92%;\"><div class=\"fusion-column-wrapper fusion-column-has-shadow fusion-flex-justify-content-flex-start fusion-content-layout-column\"><div class=\"fusion-form-field fusion-form-select-field fusion-form-label-above\" style=\"\" data-form-id=\"29914\"><label for=\"puzzle_type\">Tipo de quebra-cabe\u00e7a<\/label><div class=\"fusion-select-wrapper\"><select autocomplete=\"off\" tabindex=\"\" id=\"puzzle_type\" name=\"puzzle_type\" class=\"fusion-form-input\" data-holds-private-data=\"false\"><option value=\"t1\" >Sudoku<\/option><option value=\"t14\" >Sudoku 4x4<\/option><option value=\"t2\" >Sudoku 6x6<\/option><option value=\"t34\" >Sudoku 8x8<\/option><option value=\"t35\" >Sudoku 10x10<\/option><option value=\"t10\" >Sudoku 12x12<\/option><option value=\"t11\" >Sudoku 16x16<\/option><option value=\"---\" >---<\/option><option value=\"t28\" >Butterfly Sudoku<\/option><option value=\"t29\" >Cross Sudoku<\/option><option value=\"t30\" >Flower Sudoku<\/option><option value=\"t31\" >Gattai-3<\/option><option value=\"t32\" >Kazaguruma<\/option><option value=\"t12\" >Samurai Sudoku<\/option><option value=\"t33\" >Sohei Sudoku<\/option><option value=\"t36\" >Tripledoku<\/option><option value=\"t37\" >Twodoku<\/option><option value=\"---\" >---<\/option><option value=\"t4\" >Argyle Sudoku<\/option><option value=\"t5\" >Asterisk Sudoku<\/option><option value=\"t7\" >Center Dot Sudoku<\/option><option value=\"t16\" >Chain Sudoku<\/option><option value=\"t15\" >Chain Sudoku 6x6<\/option><option value=\"t17\" >Consecutive Sudoku<\/option><option value=\"t18\" >Even-Odd Sudoku<\/option><option value=\"t6\" >Girandola Sudoku<\/option><option value=\"t19\" >Greater Than Sudoku<\/option><option value=\"t13\" >Killer Sudoku<\/option><option value=\"t20\" >Little Killer Sudoku<\/option><option value=\"t21\" >Rossini Sudoku<\/option><option value=\"t22\" >Skyscraper Sudoku<\/option><option value=\"t9\" >Sudoku DG<\/option><option value=\"t23\" >Sudoku Mine<\/option><option value=\"t3\" >Sudoku X<\/option><option value=\"t24\" >Sudoku XV<\/option><option value=\"t25\" >Sujiken<\/option><option value=\"t26\" >Vudoku<\/option><option value=\"t8\" >Windoku<\/option><option value=\"---\" >---<\/option><option value=\"t42\" >Battleships<\/option><option value=\"t50\" >Calcudoku<\/option><option value=\"t52\" >Easy as ABC<\/option><option value=\"t45\" >Futoshiki<\/option><option value=\"t41\" >Hitori<\/option><option value=\"t38\" >Kakuro<\/option><option value=\"t46\" >Kuromasu<\/option><option value=\"t44\" >Light Up<\/option><option value=\"t43\" >Masyu<\/option><option value=\"t53\" >Minesweeper<\/option><option value=\"t47\" >Nurikabe<\/option><option value=\"t51\" >Skyscrapers<\/option><option value=\"t49\" >Tents<\/option><option value=\"t48\" >Yajikabe<\/option><option value=\"t54\" >Heyawake<\/option><option value=\"t55\" >Mathrax<\/option><\/select><div class=\"select-arrow\"><svg width=\"12\" height=\"8\" viewBox=\"0 0 12 8\" fill=\"none\" xmlns=\"http:\/\/www.w3.org\/2000\/svg\"> <path d=\"M1.5 1.75L6 6.25L10.5 1.75\" stroke=\"#6D6D6D\" stroke-width=\"2\" stroke-linecap=\"round\" stroke-linejoin=\"round\"\/> <\/svg><\/div><\/div><\/div><div class=\"fusion-form-field fusion-form-select-field fusion-form-label-above\" style=\"\" data-form-id=\"29914\"><label for=\"puzzle_difficulty\">Dificuldade<\/label><div class=\"fusion-select-wrapper\"><select autocomplete=\"off\" tabindex=\"\" id=\"puzzle_difficulty\" name=\"puzzle_difficulty\" class=\"fusion-form-input\" data-holds-private-data=\"false\"><option value=\"d1p\"  selected >F\u00e1cil<\/option><option value=\"d2p\" >M\u00e9dio<\/option><option value=\"d3p\" >Dif\u00edcil<\/option><\/select><div class=\"select-arrow\"><svg width=\"12\" height=\"8\" viewBox=\"0 0 12 8\" fill=\"none\" xmlns=\"http:\/\/www.w3.org\/2000\/svg\"> <path d=\"M1.5 1.75L6 6.25L10.5 1.75\" stroke=\"#6D6D6D\" stroke-width=\"2\" stroke-linecap=\"round\" stroke-linejoin=\"round\"\/> <\/svg><\/div><\/div><\/div><div class=\"fusion-form-field fusion-form-radio-field fusion-form-label-above\" style=\"\" data-form-id=\"29914\"><fieldset><div class=\"fusion-form-radio\"><input tabindex=\"\" id=\"radio-puzzle_search-1-0\" type=\"radio\" value=\"1\" name=\"puzzle_search\" class=\"fusion-form-input\" checked  data-holds-private-data=\"false\"\/><label for=\"radio-puzzle_search-1-0\">Quebra-cabe\u00e7a aleat\u00f3rio<\/label><\/div><div class=\"fusion-form-radio\"><input tabindex=\"\" id=\"radio-puzzle_search-1-1\" type=\"radio\" value=\"2\" name=\"puzzle_search\" class=\"fusion-form-input\" data-holds-private-data=\"false\"\/><label for=\"radio-puzzle_search-1-1\">Pr\u00f3ximo quebra-cabe\u00e7a n\u00e3o resolvido<\/label><\/div><\/fieldset><\/div><div class=\"fusion-form-field fusion-form-hidden-field fusion-form-label-above\" style=\"\" data-form-id=\"29914\"><input type=\"hidden\" autocomplete=\"off\" name=\"puzzle_selection\" id=\"puzzle_selection\" value=\"1\"  class=\"fusion-form-input\" data-holds-private-data=\"false\"\/><\/div><div class=\"fusion-form-field fusion-form-honeypot-field fusion-form-label-above\" style=\"\" data-form-id=\"29914\"><input type=\"hidden\" tabindex=\"-1\" name=\"fill_out_field\" class=\"fusion-form-input\" autocomplete=\"hypot-69e85628dc993\" aria-hidden=\"true\" data-fusion-is-honeypot=\"true\"><\/div><div class=\"fusion-form-field fusion-form-submit-field fusion-form-label-above\" style=\"\" data-form-id=\"29914\"><div ><button type=\"submit\" class=\"fusion-button button-flat fusion-button-default-size button-default fusion-button-default button-2 fusion-button-default-span  button-default form-form-submit\" data-form-number=\"29914\" tabindex=\"\"><i class=\"fa-plus fas awb-button__icon awb-button__icon--default button-icon-left\" aria-hidden=\"true\"><\/i><span class=\"fusion-button-text awb-button__text awb-button__text--default\">Novo quebra-cabe\u00e7a<\/span><\/button><\/div><\/div><\/div><\/div><\/div><\/div><\/form><\/div><\/div><\/div><\/div><\/div>\n<div class=\"fusion-fullwidth fullwidth-box fusion-builder-row-2 fusion-flex-container nonhundred-percent-fullwidth non-hundred-percent-height-scrolling\" style=\"--awb-border-radius-top-left:0px;--awb-border-radius-top-right:0px;--awb-border-radius-bottom-right:0px;--awb-border-radius-bottom-left:0px;--awb-flex-wrap:wrap;\" ><div class=\"fusion-builder-row fusion-row fusion-flex-align-items-flex-start fusion-flex-content-wrap\" style=\"max-width:1248px;margin-left: calc(-4% \/ 2 );margin-right: calc(-4% \/ 2 );\"><div class=\"fusion-layout-column fusion_builder_column fusion-builder-column-5 fusion_builder_column_2_3 2_3 fusion-flex-column\" style=\"--awb-padding-top:20px;--awb-bg-size:cover;--awb-width-large:66.666666666667%;--awb-flex-grow:0;--awb-flex-shrink:0;--awb-margin-top-large:0px;--awb-spacing-right-large:2.88%;--awb-margin-bottom-large:20px;--awb-spacing-left-large:2.88%;--awb-width-medium:66.666666666667%;--awb-order-medium:0;--awb-flex-grow-medium:0;--awb-flex-shrink-medium:0;--awb-spacing-right-medium:2.88%;--awb-spacing-left-medium:2.88%;--awb-width-small:100%;--awb-order-small:0;--awb-flex-grow-small:0;--awb-flex-shrink-small:0;--awb-spacing-right-small:1.92%;--awb-spacing-left-small:1.92%;\"><div class=\"fusion-column-wrapper fusion-column-has-shadow fusion-flex-justify-content-flex-start fusion-content-layout-column\"><div class=\"fusion-title title fusion-title-4 fusion-sep-none fusion-title-text fusion-title-size-five\" style=\"--awb-margin-top-small:10px;--awb-margin-right-small:0px;--awb-margin-bottom-small:10px;--awb-margin-left-small:0px;\"><h5 class=\"fusion-title-heading title-heading-left\" style=\"margin:0;\"><p>Sobre Vudoku<\/h5><\/div><div class=\"fusion-text fusion-text-5\" style=\"--awb-text-transform:none;\">Vudoku \u00e9 uma varia\u00e7\u00e3o do cl\u00e1ssico Sudoku que incorpora aritm\u00e9tica ao tradicional jogo l\u00f3gico de coloca\u00e7\u00e3o de n\u00fameros. Al\u00e9m de seguir as regras padr\u00e3o do Sudoku, os jogadores tamb\u00e9m devem considerar a rela\u00e7\u00e3o matem\u00e1tica entre certos n\u00fameros na grade, especificamente aqueles posicionados em forma de \"V\".\r\n<h5>Regras B\u00e1sicas<\/h5>\r\n<ol>\r\n \t<li><strong>Regras Padr\u00e3o do Sudoku:<\/strong>\r\n<ul>\r\n \t<li>Cada linha, coluna e regi\u00e3o especificada deve conter todos os n\u00fameros de 1 a 9, sem repeti\u00e7\u00e3o.<\/li>\r\n \t<li>Um n\u00famero n\u00e3o pode aparecer mais de uma vez em uma linha, coluna ou regi\u00e3o especificada.<\/li>\r\n<\/ul>\r\n<\/li>\r\n \t<li><strong>Regra Espec\u00edfica do Vudoku:<\/strong>\r\n<ul>\r\n \t<li>O n\u00famero no v\u00e9rtice de cada \"V\" marcado deve ser ou a soma ou a diferen\u00e7a dos outros dois n\u00fameros do \"V\".<\/li>\r\n<\/ul>\r\n<\/li>\r\n<\/ol>\r\n<h5>Regras Adicionais (se necess\u00e1rio)<\/h5>\r\n<ul>\r\n \t<li>As formas \"V\" podem se sobrepor e, nesses casos, o n\u00famero no v\u00e9rtice deve satisfazer a condi\u00e7\u00e3o Vudoku para todos os Vs sobrepostos.<\/li>\r\n \t<li>Os Vs podem ser localizados em qualquer lugar no tabuleiro e podem ter qualquer orienta\u00e7\u00e3o (para cima, para baixo, para a esquerda ou para a direita).<\/li>\r\n<\/ul>\r\n<h5>Dicas B\u00e1sicas de Resolu\u00e7\u00e3o<\/h5>\r\n<ol>\r\n \t<li><strong>Identificar Restri\u00e7\u00f5es:<\/strong>\r\n<ul>\r\n \t<li>Comece identificando os n\u00fameros que j\u00e1 est\u00e3o fornecidos na grade e use-os para determinar os valores poss\u00edveis para outras c\u00e9lulas, considerando ambas as regras do Sudoku e Vudoku.<\/li>\r\n<\/ul>\r\n<\/li>\r\n \t<li><strong>Foque nos Vs:<\/strong>\r\n<ul>\r\n \t<li>D\u00ea aten\u00e7\u00e3o especial aos Vs, pois eles fornecem restri\u00e7\u00f5es adicionais e muitas vezes podem ajudar voc\u00ea a deduzir os valores de outras c\u00e9lulas mais rapidamente.<\/li>\r\n<\/ul>\r\n<\/li>\r\n \t<li><strong>Use Elimina\u00e7\u00e3o:<\/strong>\r\n<ul>\r\n \t<li>Use o processo de elimina\u00e7\u00e3o para identificar onde os n\u00fameros n\u00e3o podem ir, reduzindo assim as possibilidades para cada c\u00e9lula.<\/li>\r\n<\/ul>\r\n<\/li>\r\n \t<li><strong>Busque Certezas:<\/strong>\r\n<ul>\r\n \t<li>Sempre coloque um n\u00famero se voc\u00ea tiver certeza de sua posi\u00e7\u00e3o e use-o para deduzir ainda mais as posi\u00e7\u00f5es dos outros n\u00fameros.<\/li>\r\n<\/ul>\r\n<\/li>\r\n \t<li><strong>Considere Todas as Possibilidades:<\/strong>\r\n<ul>\r\n \t<li>Para a regra espec\u00edfica do Vudoku, sempre considere tanto as possibilidades de soma quanto de diferen\u00e7a e verifique qual adere \u00e0 grade existente sem violar quaisquer regras.<\/li>\r\n<\/ul>\r\n<\/li>\r\n<\/ol>\n<\/div><div class=\"fusion-title title fusion-title-5 fusion-sep-none fusion-title-text fusion-title-size-five\" style=\"--awb-margin-top:30px;--awb-margin-top-small:10px;--awb-margin-right-small:0px;--awb-margin-bottom-small:10px;--awb-margin-left-small:0px;\"><h5 class=\"fusion-title-heading title-heading-left\" style=\"margin:0;\"><\/h5><\/div><div class=\"fusion-text fusion-text-6\">\n<\/div><\/div><\/div><\/div><\/div>\n<\/p>\n","protected":false},"excerpt":{"rendered":"","protected":false},"author":1,"featured_media":0,"parent":0,"menu_order":0,"comment_status":"closed","ping_status":"closed","template":"","meta":{"_acf_changed":false,"footnotes":""},"class_list":["post-34483","page","type-page","status-publish","hentry"],"acf":[],"_links":{"self":[{"href":"https:\/\/sudoku-puzzles.net\/pt-br\/wp-json\/wp\/v2\/pages\/34483","targetHints":{"allow":["GET"]}}],"collection":[{"href":"https:\/\/sudoku-puzzles.net\/pt-br\/wp-json\/wp\/v2\/pages"}],"about":[{"href":"https:\/\/sudoku-puzzles.net\/pt-br\/wp-json\/wp\/v2\/types\/page"}],"author":[{"embeddable":true,"href":"https:\/\/sudoku-puzzles.net\/pt-br\/wp-json\/wp\/v2\/users\/1"}],"replies":[{"embeddable":true,"href":"https:\/\/sudoku-puzzles.net\/pt-br\/wp-json\/wp\/v2\/comments?post=34483"}],"version-history":[{"count":0,"href":"https:\/\/sudoku-puzzles.net\/pt-br\/wp-json\/wp\/v2\/pages\/34483\/revisions"}],"wp:attachment":[{"href":"https:\/\/sudoku-puzzles.net\/pt-br\/wp-json\/wp\/v2\/media?parent=34483"}],"curies":[{"name":"wp","href":"https:\/\/api.w.org\/{rel}","templated":true}]}}